{"id":2197,"date":"2022-04-29T14:56:51","date_gmt":"2022-04-29T12:56:51","guid":{"rendered":"http:\/\/testy.olakaminska.pl\/?page_id=2197"},"modified":"2022-04-29T15:02:04","modified_gmt":"2022-04-29T13:02:04","slug":"o-chlopcu-ktory-chodzil-boso","status":"publish","type":"page","link":"https:\/\/olakaminska.pl\/?page_id=2197","title":{"rendered":"O ch\u0142opcu, kt\u00f3ry chodzi\u0142 boso"},"content":{"rendered":"\n<div class=\"wp-block-cover is-light\"><span aria-hidden=\"true\" class=\"has-background-dim-0 wp-block-cover__gradient-background has-background-dim\"><\/span><img loading=\"lazy\" decoding=\"async\" width=\"2048\" height=\"1080\" class=\"wp-block-cover__image-background wp-image-2201\" alt=\"\" src=\"http:\/\/testy.olakaminska.pl\/wp-content\/uploads\/2022\/04\/koniki_1.169.2.jpg\" data-object-fit=\"cover\" srcset=\"https:\/\/olakaminska.pl\/wp-content\/uploads\/2022\/04\/koniki_1.169.2.jpg 2048w, https:\/\/olakaminska.pl\/wp-content\/uploads\/2022\/04\/koniki_1.169.2-300x158.jpg 300w, https:\/\/olakaminska.pl\/wp-content\/uploads\/2022\/04\/koniki_1.169.2-1024x540.jpg 1024w, https:\/\/olakaminska.pl\/wp-content\/uploads\/2022\/04\/koniki_1.169.2-768x405.jpg 768w, https:\/\/olakaminska.pl\/wp-content\/uploads\/2022\/04\/koniki_1.169.2-1536x810.jpg 1536w\" sizes=\"auto, (max-width: 2048px) 100vw, 2048px\" \/><div class=\"wp-block-cover__inner-container is-layout-flow wp-block-cover-is-layout-flow\">\n<p class=\"has-text-align-center\"><\/p>\n<\/div><\/div>\n\n\n\n<div class=\"wp-block-cover\"><span aria-hidden=\"true\" class=\"has-background-dim-0 wp-block-cover__gradient-background has-background-dim\"><\/span><img loading=\"lazy\" decoding=\"async\" width=\"2048\" height=\"1080\" class=\"wp-block-cover__image-background wp-image-2200\" alt=\"\" src=\"http:\/\/testy.olakaminska.pl\/wp-content\/uploads\/2022\/04\/koniki_1.169.1.jpg\" data-object-fit=\"cover\" srcset=\"https:\/\/olakaminska.pl\/wp-content\/uploads\/2022\/04\/koniki_1.169.1.jpg 2048w, https:\/\/olakaminska.pl\/wp-content\/uploads\/2022\/04\/koniki_1.169.1-300x158.jpg 300w, https:\/\/olakaminska.pl\/wp-content\/uploads\/2022\/04\/koniki_1.169.1-1024x540.jpg 1024w, https:\/\/olakaminska.pl\/wp-content\/uploads\/2022\/04\/koniki_1.169.1-768x405.jpg 768w, https:\/\/olakaminska.pl\/wp-content\/uploads\/2022\/04\/koniki_1.169.1-1536x810.jpg 1536w\" sizes=\"auto, (max-width: 2048px) 100vw, 2048px\" \/><div class=\"wp-block-cover__inner-container is-layout-flow wp-block-cover-is-layout-flow\">\n<p class=\"has-text-align-center\"><\/p>\n<\/div><\/div>\n\n\n\n<div class=\"wp-block-cover\"><span aria-hidden=\"true\" class=\"has-background-dim-0 wp-block-cover__gradient-background has-background-dim\"><\/span><img loading=\"lazy\" decoding=\"async\" width=\"2048\" height=\"1080\" class=\"wp-block-cover__image-background wp-image-2202\" alt=\"\" src=\"http:\/\/testy.olakaminska.pl\/wp-content\/uploads\/2022\/04\/koniki_1.169.3.jpg\" data-object-fit=\"cover\" srcset=\"https:\/\/olakaminska.pl\/wp-content\/uploads\/2022\/04\/koniki_1.169.3.jpg 2048w, https:\/\/olakaminska.pl\/wp-content\/uploads\/2022\/04\/koniki_1.169.3-300x158.jpg 300w, https:\/\/olakaminska.pl\/wp-content\/uploads\/2022\/04\/koniki_1.169.3-1024x540.jpg 1024w, https:\/\/olakaminska.pl\/wp-content\/uploads\/2022\/04\/koniki_1.169.3-768x405.jpg 768w, https:\/\/olakaminska.pl\/wp-content\/uploads\/2022\/04\/koniki_1.169.3-1536x810.jpg 1536w\" sizes=\"auto, (max-width: 2048px) 100vw, 2048px\" \/><div class=\"wp-block-cover__inner-container is-layout-flow wp-block-cover-is-layout-flow\">\n<p class=\"has-text-align-center\"><\/p>\n<\/div><\/div>\n\n\n\n<div class=\"wp-block-cover\"><span aria-hidden=\"true\" class=\"has-background-dim-0 wp-block-cover__gradient-background has-background-dim\"><\/span><img loading=\"lazy\" decoding=\"async\" width=\"2048\" height=\"1080\" class=\"wp-block-cover__image-background wp-image-2204\" alt=\"\" src=\"http:\/\/testy.olakaminska.pl\/wp-content\/uploads\/2022\/04\/koniki_1.169.8.jpg\" data-object-fit=\"cover\" srcset=\"https:\/\/olakaminska.pl\/wp-content\/uploads\/2022\/04\/koniki_1.169.8.jpg 2048w, https:\/\/olakaminska.pl\/wp-content\/uploads\/2022\/04\/koniki_1.169.8-300x158.jpg 300w, https:\/\/olakaminska.pl\/wp-content\/uploads\/2022\/04\/koniki_1.169.8-1024x540.jpg 1024w, https:\/\/olakaminska.pl\/wp-content\/uploads\/2022\/04\/koniki_1.169.8-768x405.jpg 768w, https:\/\/olakaminska.pl\/wp-content\/uploads\/2022\/04\/koniki_1.169.8-1536x810.jpg 1536w\" sizes=\"auto, (max-width: 2048px) 100vw, 2048px\" \/><div class=\"wp-block-cover__inner-container is-layout-flow wp-block-cover-is-layout-flow\">\n<p class=\"has-text-align-center\"><\/p>\n<\/div><\/div>\n\n\n\n<div class=\"wp-block-cover\"><span aria-hidden=\"true\" class=\"has-background-dim-0 wp-block-cover__gradient-background has-background-dim\"><\/span><img loading=\"lazy\" decoding=\"async\" width=\"2048\" height=\"1080\" class=\"wp-block-cover__image-background wp-image-2205\" alt=\"\" src=\"http:\/\/testy.olakaminska.pl\/wp-content\/uploads\/2022\/04\/koniki_1.169.10.jpg\" data-object-fit=\"cover\" srcset=\"https:\/\/olakaminska.pl\/wp-content\/uploads\/2022\/04\/koniki_1.169.10.jpg 2048w, https:\/\/olakaminska.pl\/wp-content\/uploads\/2022\/04\/koniki_1.169.10-300x158.jpg 300w, https:\/\/olakaminska.pl\/wp-content\/uploads\/2022\/04\/koniki_1.169.10-1024x540.jpg 1024w, https:\/\/olakaminska.pl\/wp-content\/uploads\/2022\/04\/koniki_1.169.10-768x405.jpg 768w, https:\/\/olakaminska.pl\/wp-content\/uploads\/2022\/04\/koniki_1.169.10-1536x810.jpg 1536w\" sizes=\"auto, (max-width: 2048px) 100vw, 2048px\" \/><div class=\"wp-block-cover__inner-container is-layout-flow wp-block-cover-is-layout-flow\">\n<p class=\"has-text-align-center\"><\/p>\n<\/div><\/div>\n\n\n\n<p class=\"has-text-align-center\"><strong><mark style=\"background-color:rgba(0, 0, 0, 0)\" class=\"has-inline-color has-yellow-color\"><a href=\"https:\/\/filmpolski.pl\/fp\/index.php?film=1253140\">TW\u00d3RCY<\/a><\/mark><\/strong><\/p>\n","protected":false},"excerpt":{"rendered":"<p>TW\u00d3RCY<\/p>\n","protected":false},"author":1,"featured_media":0,"parent":0,"menu_order":0,"comment_status":"closed","ping_status":"closed","template":"","meta":{"om_disable_all_campaigns":false,"_monsterinsights_skip_tracking":false,"_monsterinsights_sitenote_active":false,"_monsterinsights_sitenote_note":"","_monsterinsights_sitenote_category":0,"footnotes":""},"class_list":["post-2197","page","type-page","status-publish","hentry"],"aioseo_notices":[],"_links":{"self":[{"href":"https:\/\/olakaminska.pl\/index.php?rest_route=\/wp\/v2\/pages\/2197","targetHints":{"allow":["GET"]}}],"collection":[{"href":"https:\/\/olakaminska.pl\/index.php?rest_route=\/wp\/v2\/pages"}],"about":[{"href":"https:\/\/olakaminska.pl\/index.php?rest_route=\/wp\/v2\/types\/page"}],"author":[{"embeddable":true,"href":"https:\/\/olakaminska.pl\/index.php?rest_route=\/wp\/v2\/users\/1"}],"replies":[{"embeddable":true,"href":"https:\/\/olakaminska.pl\/index.php?rest_route=%2Fwp%2Fv2%2Fcomments&post=2197"}],"version-history":[{"count":2,"href":"https:\/\/olakaminska.pl\/index.php?rest_route=\/wp\/v2\/pages\/2197\/revisions"}],"predecessor-version":[{"id":2209,"href":"https:\/\/olakaminska.pl\/index.php?rest_route=\/wp\/v2\/pages\/2197\/revisions\/2209"}],"wp:attachment":[{"href":"https:\/\/olakaminska.pl\/index.php?rest_route=%2Fwp%2Fv2%2Fmedia&parent=2197"}],"curies":[{"name":"wp","href":"https:\/\/api.w.org\/{rel}","templated":true}]}}