{"id":441,"date":"2022-04-15T10:50:33","date_gmt":"2022-04-15T08:50:33","guid":{"rendered":"http:\/\/testy.olakaminska.pl\/front-page\/"},"modified":"2025-07-22T16:00:25","modified_gmt":"2025-07-22T14:00:25","slug":"front-page","status":"publish","type":"page","link":"https:\/\/olakaminska.pl\/","title":{"rendered":""},"content":{"rendered":"\n<div class=\"wp-block-cover is-light\" style=\"min-height:403px;aspect-ratio:unset;\"><video class=\"wp-block-cover__video-background intrinsic-ignore\" autoplay muted loop playsinline src=\"http:\/\/testy.olakaminska.pl\/wp-content\/uploads\/2022\/04\/reel.mp4\" data-object-fit=\"cover\"><\/video><span aria-hidden=\"true\" class=\"wp-block-cover__background has-background-dim-0 has-background-dim\"><\/span><div class=\"wp-block-cover__inner-container is-layout-flow wp-block-cover-is-layout-flow\">\n<p class=\"has-text-align-center\"><a href=\"https:\/\/olakaminska.pl\/?page_id=2094\u2197\" title=\"\"><mark style=\"background-color: rgba(0, 0, 0, 0);\" class=\"has-inline-color has-yellow-color\">SHOWREEL<\/mark><\/a><\/p>\n<\/div><\/div>\n\n\n\n<div class=\"wp-block-cover is-light\"><video class=\"wp-block-cover__video-background intrinsic-ignore\" autoplay muted loop playsinline src=\"http:\/\/olakaminska.pl\/wp-content\/uploads\/2025\/02\/hb_strona.mp4\" data-object-fit=\"cover\"><\/video><span aria-hidden=\"true\" class=\"wp-block-cover__background has-background-dim-0 has-background-dim\" style=\"background-color:#FFF\"><\/span><div class=\"wp-block-cover__inner-container is-layout-constrained wp-block-cover-is-layout-constrained\">\n<p class=\"has-text-align-center has-normal-font-size\"><a href=\"https:\/\/olakaminska.pl\/?page_id=2383\" title=\"\">Honey Bunny<\/a><\/p>\n<\/div><\/div>\n\n\n\n<div class=\"wp-block-cover\" style=\"min-height:408px;aspect-ratio:unset;\"><video class=\"wp-block-cover__video-background intrinsic-ignore\" autoplay muted loop playsinline src=\"https:\/\/olakaminska.pl\/wp-content\/uploads\/2025\/02\/REEL-2024.mp4\" data-object-fit=\"cover\"><\/video><span aria-hidden=\"true\" class=\"wp-block-cover__background has-background-dim-0 has-background-dim\" style=\"background-color:#FFF\"><\/span><div class=\"wp-block-cover__inner-container is-layout-constrained wp-block-cover-is-layout-constrained\">\n<p class=\"has-text-align-center has-normal-font-size\"><a href=\"https:\/\/olakaminska.pl\/?page_id=2371\" title=\"\">HYMNOGA Lasy<\/a><\/p>\n<\/div><\/div>\n\n\n\n<div class=\"wp-block-cover is-light\" style=\"min-height:419px;aspect-ratio:unset;\"><video class=\"wp-block-cover__video-background intrinsic-ignore\" autoplay muted loop playsinline src=\"http:\/\/olakaminska.pl\/wp-content\/uploads\/2024\/06\/czekanty-1.mp4\" data-object-fit=\"cover\"><\/video><span aria-hidden=\"true\" class=\"wp-block-cover__background has-background-dim-0 has-background-dim\" style=\"background-color:#495346\"><\/span><div class=\"wp-block-cover__inner-container is-layout-constrained wp-block-cover-is-layout-constrained\">\n<p class=\"has-text-align-center has-normal-font-size\"><mark style=\"background-color: rgba(0, 0, 0, 0);\" class=\"has-inline-color has-light-gray-color\"><a href=\"https:\/\/olakaminska.pl\/?page_id=2356\u2197\" title=\"\">CZEKANY  Dorota Gardias<\/a><\/mark><\/p>\n<\/div><\/div>\n\n\n\n<div class=\"wp-block-cover is-light\" style=\"min-height:458px;aspect-ratio:unset;\"><video class=\"wp-block-cover__video-background intrinsic-ignore\" autoplay muted loop playsinline src=\"http:\/\/olakaminska.pl\/wp-content\/uploads\/2024\/06\/insight.mp4\" style=\"object-position:51% 84%\" data-object-fit=\"cover\" data-object-position=\"51% 84%\"><\/video><span aria-hidden=\"true\" class=\"wp-block-cover__background has-background-dim-0 has-background-dim\" style=\"background-color:#FFF\"><\/span><div class=\"wp-block-cover__inner-container is-layout-constrained wp-block-cover-is-layout-constrained\">\n<p class=\"has-text-align-center has-normal-font-size\"><mark style=\"background-color: rgba(0, 0, 0, 0);\" class=\"has-inline-color has-light-gray-color\"><a href=\"https:\/\/olakaminska.pl\/?page_id=2360\u2197\" title=\"\">INSIGHT  Anna Jopek<\/a><\/mark><\/p>\n<\/div><\/div>\n\n\n\n<div class=\"wp-block-cover is-light\" style=\"min-height:415px;aspect-ratio:unset;\"><video class=\"wp-block-cover__video-background intrinsic-ignore\" autoplay muted loop playsinline src=\"http:\/\/testy.olakaminska.pl\/wp-content\/uploads\/2023\/04\/motyll.mp4\" data-object-fit=\"cover\"><\/video><span aria-hidden=\"true\" class=\"wp-block-cover__background has-background-dim-0 has-background-dim\"><\/span><div class=\"wp-block-cover__inner-container is-layout-flow wp-block-cover-is-layout-flow\">\n<p>&nbsp;<\/p>\n\n\n\n<p class=\"has-text-align-center\"><mark style=\"background-color: rgba(0, 0, 0, 0);\" class=\"has-inline-color has-light-gray-color\"><a href=\"https:\/\/olakaminska.pl\/?page_id=2291\u2197\" title=\"\">MOTYL I CH\u0141OPIEC  Grzegorz Jurczyk<\/a><\/mark><\/p>\n\n\n\n<p class=\"has-text-align-center\"><\/p>\n\n\n\n<p class=\"has-text-align-center\"><mark class=\"has-inline-color has-yellow-color\" style=\"background-color: rgba(0, 0, 0, 0);\">music video<\/mark><\/p>\n<\/div><\/div>\n\n\n\n<div class=\"wp-block-cover is-light\" style=\"min-height:376px;aspect-ratio:unset;\"><video class=\"wp-block-cover__video-background intrinsic-ignore\" autoplay muted loop playsinline src=\"http:\/\/testy.olakaminska.pl\/wp-content\/uploads\/2022\/04\/wiezy.mp4\" style=\"object-position:52% 32%\" data-object-fit=\"cover\" data-object-position=\"52% 32%\"><\/video><span aria-hidden=\"true\" class=\"wp-block-cover__background has-background-dim-0 has-background-dim\"><\/span><div class=\"wp-block-cover__inner-container is-layout-flow wp-block-cover-is-layout-flow\">\n<p class=\"has-text-align-center\"><mark style=\"background-color: rgba(0, 0, 0, 0);\" class=\"has-inline-color has-light-gray-color\"><a href=\"https:\/\/olakaminska.pl\/?page_id=2083\u2197\" title=\"\">WI\u0118ZY<\/a><\/mark><\/p>\n\n\n\n<p class=\"has-text-align-center\"><mark class=\"has-inline-color has-yellow-color\" style=\"background-color: rgba(0, 0, 0, 0);\">short film<\/mark><\/p>\n<\/div><\/div>\n\n\n\n<div class=\"wp-block-cover is-light\" style=\"min-height:431px;aspect-ratio:unset;\"><video class=\"wp-block-cover__video-background intrinsic-ignore\" autoplay muted loop playsinline src=\"http:\/\/testy.olakaminska.pl\/wp-content\/uploads\/2022\/04\/uczta-2.mp4\" data-object-fit=\"cover\"><\/video><span aria-hidden=\"true\" class=\"wp-block-cover__background has-background-dim-0 has-background-dim\"><\/span><div class=\"wp-block-cover__inner-container is-layout-flow wp-block-cover-is-layout-flow\">\n<p>&nbsp;<\/p>\n\n\n\n<p class=\"has-text-align-center has-light-gray-color has-text-color\"><a href=\"https:\/\/olakaminska.pl\/?page_id=2004\u2197\" title=\"\">UCZTA<\/a>\u00a0Dispelled Reality\u00a0<\/p>\n\n\n\n<p class=\"has-text-align-center has-light-gray-color has-text-color\"><\/p>\n\n\n\n<p class=\"has-text-align-center\"><mark class=\"has-inline-color has-yellow-color\" style=\"background-color: rgba(0, 0, 0, 0);\">music video<\/mark><\/p>\n<\/div><\/div>\n\n\n\n<div class=\"wp-block-cover is-light\" style=\"min-height:381px;aspect-ratio:unset;\"><video class=\"wp-block-cover__video-background intrinsic-ignore\" autoplay muted loop playsinline src=\"http:\/\/testy.olakaminska.pl\/wp-content\/uploads\/2022\/04\/rosa.mp4\" style=\"object-position:53% 77%\" data-object-fit=\"cover\" data-object-position=\"53% 77%\"><\/video><span aria-hidden=\"true\" class=\"wp-block-cover__background has-background-dim-0 has-background-dim\"><\/span><div class=\"wp-block-cover__inner-container is-layout-flow wp-block-cover-is-layout-flow\">\n<p class=\"has-text-align-center\"><mark style=\"background-color: rgba(0, 0, 0, 0);\" class=\"has-inline-color has-light-gray-color\"><a href=\"https:\/\/olakaminska.pl\/?page_id=2077\u2197\" title=\"\">UNTILL BLUE IN THE FACE\u00a0Rosa Vertov<\/a><\/mark><\/p>\n\n\n\n<p class=\"has-text-align-center\"><\/p>\n\n\n\n<p class=\"has-text-align-center\"><mark class=\"has-inline-color has-yellow-color\" style=\"background-color: rgba(0, 0, 0, 0);\">music video<\/mark><\/p>\n<\/div><\/div>\n\n\n\n\n\n<div class=\"wp-block-cover is-light\" style=\"min-height:357px;aspect-ratio:unset;\"><video class=\"wp-block-cover__video-background intrinsic-ignore\" autoplay muted loop playsinline src=\"http:\/\/testy.olakaminska.pl\/wp-content\/uploads\/2022\/04\/jutro-sprobujemy-.mp4\" data-object-fit=\"cover\"><\/video><span aria-hidden=\"true\" class=\"wp-block-cover__background has-background-dim-0 has-background-dim\"><\/span><div class=\"wp-block-cover__inner-container is-layout-flow wp-block-cover-is-layout-flow\">\n<p>&nbsp;<\/p>\n\n\n\n<p class=\"has-text-align-center\"><mark style=\"background-color: rgba(0, 0, 0, 0);\" class=\"has-inline-color has-light-gray-color\"><a href=\"https:\/\/olakaminska.pl\/?page_id=2070\u2197\" title=\"\">JUTRO SPR\u00d3BUJEMY JESZCZE RAZ Kara\u015b\/Rogucki<\/a><\/mark><\/p>\n\n\n\n<p class=\"has-text-align-center\"><\/p>\n\n\n\n<p class=\"has-text-align-center\"><mark class=\"has-inline-color has-yellow-color\" style=\"background-color: rgba(0, 0, 0, 0);\">music video<\/mark><\/p>\n<\/div><\/div>\n\n\n\n<div class=\"wp-block-cover is-light\" style=\"min-height:391px;aspect-ratio:unset;\"><video class=\"wp-block-cover__video-background intrinsic-ignore\" autoplay muted loop playsinline src=\"http:\/\/testy.olakaminska.pl\/wp-content\/uploads\/2022\/04\/dzieciiryby.mp4\" style=\"object-position:53% 18%\" data-object-fit=\"cover\" data-object-position=\"53% 18%\"><\/video><span aria-hidden=\"true\" class=\"wp-block-cover__background has-background-dim-0 has-background-dim\"><\/span><div class=\"wp-block-cover__inner-container is-layout-flow wp-block-cover-is-layout-flow\">\n<p class=\"has-text-align-center\"><mark style=\"background-color: rgba(0, 0, 0, 0);\" class=\"has-inline-color has-light-gray-color\"><a href=\"https:\/\/olakaminska.pl\/?page_id=2186\u2197\" title=\"\">DZIECI I RYBY<\/a><\/mark><\/p>\n\n\n\n<p class=\"has-text-align-center\"><mark class=\"has-inline-color has-yellow-color\" style=\"background-color: rgba(0, 0, 0, 0);\">short film<\/mark><\/p>\n<\/div><\/div>\n\n\n\n<div class=\"wp-block-cover is-light\" style=\"min-height:407px;aspect-ratio:unset;\"><video class=\"wp-block-cover__video-background intrinsic-ignore\" autoplay muted loop playsinline src=\"http:\/\/testy.olakaminska.pl\/wp-content\/uploads\/2022\/04\/gniazdo.mp4\" data-object-fit=\"cover\"><\/video><span aria-hidden=\"true\" class=\"wp-block-cover__background has-background-dim-0 has-background-dim\"><\/span><div class=\"wp-block-cover__inner-container is-layout-flow wp-block-cover-is-layout-flow\">\n<p class=\"has-text-align-center\"><mark style=\"background-color: rgba(0, 0, 0, 0);\" class=\"has-inline-color has-light-gray-color\"><a href=\"https:\/\/olakaminska.pl\/?page_id=2180\u2197\" title=\"\">GNIAZDO<\/a><\/mark><\/p>\n\n\n\n<p class=\"has-text-align-center\"><mark class=\"has-inline-color has-yellow-color\" style=\"background-color: rgba(0, 0, 0, 0);\">short film<\/mark><\/p>\n<\/div><\/div>\n\n\n\n<div class=\"wp-block-cover is-light\" style=\"min-height:411px;aspect-ratio:unset;\"><video class=\"wp-block-cover__video-background intrinsic-ignore\" autoplay muted loop playsinline src=\"http:\/\/testy.olakaminska.pl\/wp-content\/uploads\/2022\/04\/koniki.mp4\" data-object-fit=\"cover\"><\/video><span aria-hidden=\"true\" class=\"wp-block-cover__background has-background-dim-0 has-background-dim\"><\/span><div class=\"wp-block-cover__inner-container is-layout-flow wp-block-cover-is-layout-flow\">\n<p class=\"has-text-align-center\"><mark style=\"background-color: rgba(0, 0, 0, 0);\" class=\"has-inline-color has-light-gray-color\"><a href=\"https:\/\/olakaminska.pl\/?page_id=2197\u2197\" title=\"\">O CH\u0141OPCU, KT\u00d3RY CHODZI\u0141 BOSO<\/a><\/mark><\/p>\n\n\n\n<p class=\"has-text-align-center\"><mark class=\"has-inline-color has-yellow-color\" style=\"background-color: rgba(0, 0, 0, 0);\">short film<\/mark><\/p>\n<\/div><\/div>\n\n\n\n<div class=\"wp-block-cover is-light\" style=\"min-height:437px;aspect-ratio:unset;\"><video class=\"wp-block-cover__video-background intrinsic-ignore\" autoplay muted loop playsinline src=\"http:\/\/testy.olakaminska.pl\/wp-content\/uploads\/2022\/04\/Untitled-1.mp4\" data-object-fit=\"cover\"><\/video><span aria-hidden=\"true\" class=\"wp-block-cover__background has-background-dim-0 has-background-dim\"><\/span><div class=\"wp-block-cover__inner-container is-layout-flow wp-block-cover-is-layout-flow\">\n<p class=\"has-text-align-center\"><a href=\"https:\/\/olakaminska.pl\/?page_id=2135\u2197\" title=\"\"><mark style=\"background-color: rgba(0, 0, 0, 0);\" class=\"has-inline-color has-yellow-color\">SHOWREEL 2019<\/mark><\/a><\/p>\n<\/div><\/div>\n\n\n\n<p>&nbsp;<\/p>\n","protected":false},"excerpt":{"rendered":"<p>&nbsp;<\/p>\n","protected":false},"author":1,"featured_media":0,"parent":0,"menu_order":0,"comment_status":"closed","ping_status":"closed","template":"templates\/full-width-page.php","meta":{"om_disable_all_campaigns":false,"_monsterinsights_skip_tracking":false,"_monsterinsights_sitenote_active":false,"_monsterinsights_sitenote_note":"","_monsterinsights_sitenote_category":0,"footnotes":""},"class_list":["post-441","page","type-page","status-publish","hentry"],"aioseo_notices":[],"_links":{"self":[{"href":"https:\/\/olakaminska.pl\/index.php?rest_route=\/wp\/v2\/pages\/441","targetHints":{"allow":["GET"]}}],"collection":[{"href":"https:\/\/olakaminska.pl\/index.php?rest_route=\/wp\/v2\/pages"}],"about":[{"href":"https:\/\/olakaminska.pl\/index.php?rest_route=\/wp\/v2\/types\/page"}],"author":[{"embeddable":true,"href":"https:\/\/olakaminska.pl\/index.php?rest_route=\/wp\/v2\/users\/1"}],"replies":[{"embeddable":true,"href":"https:\/\/olakaminska.pl\/index.php?rest_route=%2Fwp%2Fv2%2Fcomments&post=441"}],"version-history":[{"count":107,"href":"https:\/\/olakaminska.pl\/index.php?rest_route=\/wp\/v2\/pages\/441\/revisions"}],"predecessor-version":[{"id":2427,"href":"https:\/\/olakaminska.pl\/index.php?rest_route=\/wp\/v2\/pages\/441\/revisions\/2427"}],"wp:attachment":[{"href":"https:\/\/olakaminska.pl\/index.php?rest_route=%2Fwp%2Fv2%2Fmedia&parent=441"}],"curies":[{"name":"wp","href":"https:\/\/api.w.org\/{rel}","templated":true}]}}